{"id":123,"date":"2020-05-18T16:26:20","date_gmt":"2020-05-18T14:26:20","guid":{"rendered":"http:\/\/kryptyfranciszkanow.umk.pl\/?page_id=123"},"modified":"2020-05-18T16:26:20","modified_gmt":"2020-05-18T14:26:20","slug":"krypta-b3","status":"publish","type":"page","link":"https:\/\/kryptyfranciszkanow.umk.pl\/index.php\/bazylika\/krypta-b3\/","title":{"rendered":"Krypta B3"},"content":{"rendered":"<p style=\"text-align: justify;\">Krypta zlokalizowana jest w po\u0142udniowej cz\u0119\u015bci kaplicy M\u0119ki Pa\u0144skiej. W rzucie zbli\u017cona jest do prostok\u0105ta o wymiarach 300\u2013316 x 207\u2013217 cm. \u015aciana wschodnia na odcinku p\u00f3\u0142nocnym zosta\u0142a wzniesiona z \u0142amanego wapienia, a \u015bciany p\u00f3\u0142nocna i po\u0142udniowa wzniesiono z ceg\u0142y palcowanej. Oryginalny otw\u00f3r wej\u015bciowy nie jest zaznaczony w posadzce. W trakcie eksploracji wykuto prowizoryczny otw\u00f3r wej\u015bciowy w sklepieniu w s\u0105siedztwie naro\u017cnika p\u00f3\u0142nocno-wschodniego krypty. We wn\u0119trzu krypty zgromadzono trumny drewniane (7) zawieraj\u0105ce zeszkieletowane szcz\u0105tki ludzkie. Najp\u00f3\u017aniej zdeponowano cztery bardzo dobrze zachowane trumny cz\u0142onk\u00f3w Arcybractwa Dobrej \u015amierci, na kt\u00f3rych odnotowano daty (1796, 1789, 1775, 1768). W\u015br\u00f3d nich znalaz\u0142a si\u0119 trumna wojewodzica pozna\u0144skiego (?) Franciszka B\u0119tkoskiego (?). Pod nimi znajdowa\u0142y si\u0119 starsze, bardzo zniszczone poch\u00f3wki doros\u0142ych os\u00f3b \u015bwieckich i jednego dziecka.<\/p>\n<p>&nbsp;<\/p>\n<div class=\"rl-gallery-container rl-loading\" id=\"rl-gallery-container-1\" data-gallery_id=\"124\"> <div class=\"rl-gallery rl-basicgrid-gallery \" id=\"rl-gallery-1\" data-gallery_no=\"1\"> <div class=\"rl-gallery-item\"><a href=\"https:\/\/kryptyfranciszkanow.umk.pl\/wp-content\/uploads\/2020\/05\/2-3-scaled.jpg\" title=\"\" data-rl_title=\"\" class=\"rl-gallery-link\" data-rl_caption=\"\" data-rel=\"lightbox-gallery-1\"><img loading=\"lazy\" decoding=\"async\" src=\"https:\/\/kryptyfranciszkanow.umk.pl\/wp-content\/uploads\/2020\/05\/2-3-300x240.jpg\" width=\"300\" height=\"240\" alt=\"\" \/><\/a><\/div><div class=\"rl-gallery-item\"><a href=\"https:\/\/kryptyfranciszkanow.umk.pl\/wp-content\/uploads\/2020\/05\/3-2.jpg\" title=\"\" data-rl_title=\"\" class=\"rl-gallery-link\" data-rl_caption=\"\" data-rel=\"lightbox-gallery-1\"><img loading=\"lazy\" decoding=\"async\" src=\"https:\/\/kryptyfranciszkanow.umk.pl\/wp-content\/uploads\/2020\/05\/3-2-300x237.jpg\" width=\"300\" height=\"237\" alt=\"\" \/><\/a><\/div><div class=\"rl-gallery-item\"><a href=\"https:\/\/kryptyfranciszkanow.umk.pl\/wp-content\/uploads\/2020\/05\/4-2-scaled.jpg\" title=\"\" data-rl_title=\"\" class=\"rl-gallery-link\" data-rl_caption=\"\" data-rel=\"lightbox-gallery-1\"><img loading=\"lazy\" decoding=\"async\" src=\"https:\/\/kryptyfranciszkanow.umk.pl\/wp-content\/uploads\/2020\/05\/4-2-300x169.jpg\" width=\"300\" height=\"169\" alt=\"\" \/><\/a><\/div><div class=\"rl-gallery-item\"><a href=\"https:\/\/kryptyfranciszkanow.umk.pl\/wp-content\/uploads\/2020\/05\/5-2-scaled.jpg\" title=\"\" data-rl_title=\"\" class=\"rl-gallery-link\" data-rl_caption=\"\" data-rel=\"lightbox-gallery-1\"><img loading=\"lazy\" decoding=\"async\" src=\"https:\/\/kryptyfranciszkanow.umk.pl\/wp-content\/uploads\/2020\/05\/5-2-300x168.jpg\" width=\"300\" height=\"168\" alt=\"\" \/><\/a><\/div><div class=\"rl-gallery-item\"><a href=\"https:\/\/kryptyfranciszkanow.umk.pl\/wp-content\/uploads\/2020\/05\/6-2-scaled.jpg\" title=\"\" data-rl_title=\"\" class=\"rl-gallery-link\" data-rl_caption=\"\" data-rel=\"lightbox-gallery-1\"><img loading=\"lazy\" decoding=\"async\" src=\"https:\/\/kryptyfranciszkanow.umk.pl\/wp-content\/uploads\/2020\/05\/6-2-300x162.jpg\" width=\"300\" height=\"162\" alt=\"\" \/><\/a><\/div><div class=\"rl-gallery-item\"><a href=\"https:\/\/kryptyfranciszkanow.umk.pl\/wp-content\/uploads\/2020\/05\/7-2-scaled.jpg\" title=\"\" data-rl_title=\"\" class=\"rl-gallery-link\" data-rl_caption=\"\" data-rel=\"lightbox-gallery-1\"><img loading=\"lazy\" decoding=\"async\" src=\"https:\/\/kryptyfranciszkanow.umk.pl\/wp-content\/uploads\/2020\/05\/7-2-300x188.jpg\" width=\"300\" height=\"188\" alt=\"\" \/><\/a><\/div><div class=\"rl-gallery-item\"><a href=\"https:\/\/kryptyfranciszkanow.umk.pl\/wp-content\/uploads\/2020\/05\/8-1-scaled.jpg\" title=\"\" data-rl_title=\"\" class=\"rl-gallery-link\" data-rl_caption=\"\" data-rel=\"lightbox-gallery-1\"><img loading=\"lazy\" decoding=\"async\" src=\"https:\/\/kryptyfranciszkanow.umk.pl\/wp-content\/uploads\/2020\/05\/8-1-300x194.jpg\" width=\"300\" height=\"194\" alt=\"\" \/><\/a><\/div> <\/div> <\/div>\n","protected":false},"excerpt":{"rendered":"<p>Krypta zlokalizowana jest w po\u0142udniowej cz\u0119\u015bci kaplicy M\u0119ki Pa\u0144skiej. W rzucie zbli\u017cona jest do prostok\u0105ta o wymiarach 300\u2013316 x 207\u2013217 cm. \u015aciana wschodnia na odcinku p\u00f3\u0142nocnym zosta\u0142a wzniesiona z \u0142amanego wapienia, a \u015bciany p\u00f3\u0142nocna i po\u0142udniowa wzniesiono z ceg\u0142y palcowanej. Oryginalny otw\u00f3r wej\u015bciowy nie jest zaznaczony w posadzce. W trakcie &hellip;<\/p>\n","protected":false},"author":1,"featured_media":130,"parent":85,"menu_order":3,"comment_status":"closed","ping_status":"closed","template":"","meta":{"footnotes":""},"class_list":["post-123","page","type-page","status-publish","has-post-thumbnail","hentry"],"_links":{"self":[{"href":"https:\/\/kryptyfranciszkanow.umk.pl\/index.php\/wp-json\/wp\/v2\/pages\/123","targetHints":{"allow":["GET"]}}],"collection":[{"href":"https:\/\/kryptyfranciszkanow.umk.pl\/index.php\/wp-json\/wp\/v2\/pages"}],"about":[{"href":"https:\/\/kryptyfranciszkanow.umk.pl\/index.php\/wp-json\/wp\/v2\/types\/page"}],"author":[{"embeddable":true,"href":"https:\/\/kryptyfranciszkanow.umk.pl\/index.php\/wp-json\/wp\/v2\/users\/1"}],"replies":[{"embeddable":true,"href":"https:\/\/kryptyfranciszkanow.umk.pl\/index.php\/wp-json\/wp\/v2\/comments?post=123"}],"version-history":[{"count":1,"href":"https:\/\/kryptyfranciszkanow.umk.pl\/index.php\/wp-json\/wp\/v2\/pages\/123\/revisions"}],"predecessor-version":[{"id":132,"href":"https:\/\/kryptyfranciszkanow.umk.pl\/index.php\/wp-json\/wp\/v2\/pages\/123\/revisions\/132"}],"up":[{"embeddable":true,"href":"https:\/\/kryptyfranciszkanow.umk.pl\/index.php\/wp-json\/wp\/v2\/pages\/85"}],"wp:featuredmedia":[{"embeddable":true,"href":"https:\/\/kryptyfranciszkanow.umk.pl\/index.php\/wp-json\/wp\/v2\/media\/130"}],"wp:attachment":[{"href":"https:\/\/kryptyfranciszkanow.umk.pl\/index.php\/wp-json\/wp\/v2\/media?parent=123"}],"curies":[{"name":"wp","href":"https:\/\/api.w.org\/{rel}","templated":true}]}}