{"id":134,"date":"2020-05-18T16:28:27","date_gmt":"2020-05-18T14:28:27","guid":{"rendered":"http:\/\/kryptyfranciszkanow.umk.pl\/?page_id=134"},"modified":"2020-05-18T16:28:27","modified_gmt":"2020-05-18T14:28:27","slug":"krypta-b4","status":"publish","type":"page","link":"https:\/\/kryptyfranciszkanow.umk.pl\/index.php\/bazylika\/krypta-b4\/","title":{"rendered":"Krypta B4"},"content":{"rendered":"<p style=\"text-align: justify;\">Krypta zlokalizowana jest w centralnej cz\u0119\u015bci kaplicy M\u0119ki Pa\u0144skiej. Ma kszta\u0142t prostok\u0105ta, o wymiarach 250 x 107 cm \u015aciany p\u00f3\u0142nocna, po\u0142udniowa i wschodnia wzniesione zosta\u0142y z ceg\u0142y palcowanej, z przewag\u0105 w\u0105tku woz\u00f3wkowego. Krypt\u0119 przekryto sklepieniem kolebkowym. Pod\u0142oga w pomieszczeniu jest ceglana, nieznacznie tylko przysypana nasypem gruzowo-ziemnym. Przy \u015bcianie p\u00f3\u0142nocnej krypty na dw\u00f3ch \u017celaznych p\u0142askownikach umieszczono drewnian\u0105, tapicerowan\u0105 trumn\u0119, ozdobion\u0105 gwo\u017adziami tapicerskimi zawieraj\u0105c\u0105 ca\u0142kowicie roz\u0142o\u017cone szcz\u0105tki ludzkie. Wed\u0142ug zapis\u00f3w w ksi\u0119dze brackiej (Archiwum Prowincji OO. Franciszkan\u00f3w w Krakowie) w 1612 roku po\u015brodku kaplicy M\u0119ki Pa\u0144skiej wybudowano gr\u00f3b prywatny, przeznaczony dla kobiety.<\/p>\n<p>&nbsp;<\/p>\n<div class=\"rl-gallery-container rl-loading\" id=\"rl-gallery-container-1\" data-gallery_id=\"135\"> <div class=\"rl-gallery rl-basicgrid-gallery \" id=\"rl-gallery-1\" data-gallery_no=\"1\"> <div class=\"rl-gallery-item\"><a href=\"https:\/\/kryptyfranciszkanow.umk.pl\/wp-content\/uploads\/2020\/05\/2-4-scaled.jpg\" title=\"\" data-rl_title=\"\" class=\"rl-gallery-link\" data-rl_caption=\"\" data-rel=\"lightbox-gallery-1\"><img loading=\"lazy\" decoding=\"async\" src=\"https:\/\/kryptyfranciszkanow.umk.pl\/wp-content\/uploads\/2020\/05\/2-4-300x150.jpg\" width=\"300\" height=\"150\" alt=\"\" \/><\/a><\/div><div class=\"rl-gallery-item\"><a href=\"https:\/\/kryptyfranciszkanow.umk.pl\/wp-content\/uploads\/2020\/05\/3-3.jpg\" title=\"\" data-rl_title=\"\" class=\"rl-gallery-link\" data-rl_caption=\"\" data-rel=\"lightbox-gallery-1\"><img loading=\"lazy\" decoding=\"async\" src=\"https:\/\/kryptyfranciszkanow.umk.pl\/wp-content\/uploads\/2020\/05\/3-3-300x239.jpg\" width=\"300\" height=\"239\" alt=\"\" \/><\/a><\/div> <\/div> <\/div>\n","protected":false},"excerpt":{"rendered":"<p>Krypta zlokalizowana jest w centralnej cz\u0119\u015bci kaplicy M\u0119ki Pa\u0144skiej. Ma kszta\u0142t prostok\u0105ta, o wymiarach 250 x 107 cm \u015aciany p\u00f3\u0142nocna, po\u0142udniowa i wschodnia wzniesione zosta\u0142y z ceg\u0142y palcowanej, z przewag\u0105 w\u0105tku woz\u00f3wkowego. Krypt\u0119 przekryto sklepieniem kolebkowym. Pod\u0142oga w pomieszczeniu jest ceglana, nieznacznie tylko przysypana nasypem gruzowo-ziemnym. Przy \u015bcianie p\u00f3\u0142nocnej krypty &hellip;<\/p>\n","protected":false},"author":1,"featured_media":137,"parent":85,"menu_order":4,"comment_status":"closed","ping_status":"closed","template":"","meta":{"footnotes":""},"class_list":["post-134","page","type-page","status-publish","has-post-thumbnail","hentry"],"_links":{"self":[{"href":"https:\/\/kryptyfranciszkanow.umk.pl\/index.php\/wp-json\/wp\/v2\/pages\/134","targetHints":{"allow":["GET"]}}],"collection":[{"href":"https:\/\/kryptyfranciszkanow.umk.pl\/index.php\/wp-json\/wp\/v2\/pages"}],"about":[{"href":"https:\/\/kryptyfranciszkanow.umk.pl\/index.php\/wp-json\/wp\/v2\/types\/page"}],"author":[{"embeddable":true,"href":"https:\/\/kryptyfranciszkanow.umk.pl\/index.php\/wp-json\/wp\/v2\/users\/1"}],"replies":[{"embeddable":true,"href":"https:\/\/kryptyfranciszkanow.umk.pl\/index.php\/wp-json\/wp\/v2\/comments?post=134"}],"version-history":[{"count":1,"href":"https:\/\/kryptyfranciszkanow.umk.pl\/index.php\/wp-json\/wp\/v2\/pages\/134\/revisions"}],"predecessor-version":[{"id":138,"href":"https:\/\/kryptyfranciszkanow.umk.pl\/index.php\/wp-json\/wp\/v2\/pages\/134\/revisions\/138"}],"up":[{"embeddable":true,"href":"https:\/\/kryptyfranciszkanow.umk.pl\/index.php\/wp-json\/wp\/v2\/pages\/85"}],"wp:featuredmedia":[{"embeddable":true,"href":"https:\/\/kryptyfranciszkanow.umk.pl\/index.php\/wp-json\/wp\/v2\/media\/137"}],"wp:attachment":[{"href":"https:\/\/kryptyfranciszkanow.umk.pl\/index.php\/wp-json\/wp\/v2\/media?parent=134"}],"curies":[{"name":"wp","href":"https:\/\/api.w.org\/{rel}","templated":true}]}}