{"id":175,"date":"2020-05-18T16:44:40","date_gmt":"2020-05-18T14:44:40","guid":{"rendered":"http:\/\/kryptyfranciszkanow.umk.pl\/?page_id=175"},"modified":"2020-05-18T16:44:40","modified_gmt":"2020-05-18T14:44:40","slug":"krypta-b8-grob-rodziny-brzechwow","status":"publish","type":"page","link":"https:\/\/kryptyfranciszkanow.umk.pl\/index.php\/bazylika\/krypta-b8-grob-rodziny-brzechwow\/","title":{"rendered":"Krypta B8 &#8211; &#8222;Gr\u00f3b Rodziny Brzechw\u00f3w&#8221;"},"content":{"rendered":"<p style=\"text-align: justify;\">Krypta zlokalizowana jest w p\u00f3\u0142nocno-wschodnim naro\u017cniku transeptu, w bezpo\u015brednim s\u0105siedztwie kaplicy \u015bw. Salomei. Kszta\u0142tem zbli\u017cona jest do prostok\u0105ta o wym. 205 \u2013232 x 267 \u2013280 cm, ustawionego na osi wsch\u00f3d-zach\u00f3d. Nakrywaj\u0105ce komor\u0119 kolebkowe sklepienie, Wzd\u0142u\u017c \u015bcian p\u00f3\u0142nocnej i po\u0142udniowej zgromadzono warstwowo drewniane trumny, w du\u017cej mierze zniszczone, zawieraj\u0105ce zeszkieletowane i zlasowane szcz\u0105tki ludzkie o\u015bmiu os\u00f3b pi\u0119ciu doros\u0142ych i trojga dzieci. Niekt\u00f3re trumny prawdopodobnie zosta\u0142y przemieszczone podczas jej przebudowy (pog\u0142\u0119bienia). Na \u017cadnej skrzyni nie zachowa\u0142y si\u0119 daty. Na podstawie wymiar\u00f3w cegie\u0142, rodzaju zaprawy i analizy spoinowania ustalono, \u017ce najstarszym elementem obiektu by\u0142y strz\u0119pia mur\u00f3w w \u015bcianie wschodniej, kt\u00f3re ramowo datowa\u0107 mo\u017cna na XIV\u2013XVI wieku. Sklepienie krypty wraz z jej \u015bcian\u0105 zachodni\u0105 wzniesiono w 2. po\u0142owie XVII lub w XVIII wieku, natomiast podbicie \u015bcian w trakcie pog\u0142\u0119biania komory mia\u0142o miejsce pod koniec XIX lub na pocz\u0105tku XX wieku.<\/p>\n<p>&nbsp;<\/p>\n<div class=\"rl-gallery-container rl-loading\" id=\"rl-gallery-container-1\" data-gallery_id=\"171\"> <div class=\"rl-gallery rl-basicgrid-gallery \" id=\"rl-gallery-1\" data-gallery_no=\"1\"> <div class=\"rl-gallery-item\"><a href=\"https:\/\/kryptyfranciszkanow.umk.pl\/wp-content\/uploads\/2020\/05\/2-7.jpg\" title=\"\" data-rl_title=\"\" class=\"rl-gallery-link\" data-rl_caption=\"\" data-rel=\"lightbox-gallery-1\"><img loading=\"lazy\" decoding=\"async\" src=\"https:\/\/kryptyfranciszkanow.umk.pl\/wp-content\/uploads\/2020\/05\/2-7-300x206.jpg\" width=\"300\" height=\"206\" alt=\"\" \/><\/a><\/div><div class=\"rl-gallery-item\"><a href=\"https:\/\/kryptyfranciszkanow.umk.pl\/wp-content\/uploads\/2020\/05\/3-7-scaled.jpg\" title=\"\" data-rl_title=\"\" class=\"rl-gallery-link\" data-rl_caption=\"\" data-rel=\"lightbox-gallery-1\"><img loading=\"lazy\" decoding=\"async\" src=\"https:\/\/kryptyfranciszkanow.umk.pl\/wp-content\/uploads\/2020\/05\/3-7-300x169.jpg\" width=\"300\" height=\"169\" alt=\"\" \/><\/a><\/div><div class=\"rl-gallery-item\"><a href=\"https:\/\/kryptyfranciszkanow.umk.pl\/wp-content\/uploads\/2020\/05\/4.-Szczyt-trumny-poch\u00f3wek-nr-1-krypta-8-bazylika-scaled.jpg\" title=\"\" data-rl_title=\"\" class=\"rl-gallery-link\" data-rl_caption=\"\" data-rel=\"lightbox-gallery-1\"><img loading=\"lazy\" decoding=\"async\" src=\"https:\/\/kryptyfranciszkanow.umk.pl\/wp-content\/uploads\/2020\/05\/4.-Szczyt-trumny-poch\u00f3wek-nr-1-krypta-8-bazylika-300x261.jpg\" width=\"300\" height=\"261\" alt=\"\" \/><\/a><\/div><div class=\"rl-gallery-item\"><a href=\"https:\/\/kryptyfranciszkanow.umk.pl\/wp-content\/uploads\/2020\/05\/5.-trumna_01c-scaled.jpg\" title=\"\" data-rl_title=\"\" class=\"rl-gallery-link\" data-rl_caption=\"\" data-rel=\"lightbox-gallery-1\"><img loading=\"lazy\" decoding=\"async\" src=\"https:\/\/kryptyfranciszkanow.umk.pl\/wp-content\/uploads\/2020\/05\/5.-trumna_01c-295x300.jpg\" width=\"295\" height=\"300\" alt=\"\" \/><\/a><\/div> <\/div> <\/div>\n","protected":false},"excerpt":{"rendered":"<p>Krypta zlokalizowana jest w p\u00f3\u0142nocno-wschodnim naro\u017cniku transeptu, w bezpo\u015brednim s\u0105siedztwie kaplicy \u015bw. Salomei. Kszta\u0142tem zbli\u017cona jest do prostok\u0105ta o wym. 205 \u2013232 x 267 \u2013280 cm, ustawionego na osi wsch\u00f3d-zach\u00f3d. Nakrywaj\u0105ce komor\u0119 kolebkowe sklepienie, Wzd\u0142u\u017c \u015bcian p\u00f3\u0142nocnej i po\u0142udniowej zgromadzono warstwowo drewniane trumny, w du\u017cej mierze zniszczone, zawieraj\u0105ce zeszkieletowane i &hellip;<\/p>\n","protected":false},"author":1,"featured_media":174,"parent":85,"menu_order":7,"comment_status":"closed","ping_status":"closed","template":"","meta":{"footnotes":""},"class_list":["post-175","page","type-page","status-publish","has-post-thumbnail","hentry"],"_links":{"self":[{"href":"https:\/\/kryptyfranciszkanow.umk.pl\/index.php\/wp-json\/wp\/v2\/pages\/175","targetHints":{"allow":["GET"]}}],"collection":[{"href":"https:\/\/kryptyfranciszkanow.umk.pl\/index.php\/wp-json\/wp\/v2\/pages"}],"about":[{"href":"https:\/\/kryptyfranciszkanow.umk.pl\/index.php\/wp-json\/wp\/v2\/types\/page"}],"author":[{"embeddable":true,"href":"https:\/\/kryptyfranciszkanow.umk.pl\/index.php\/wp-json\/wp\/v2\/users\/1"}],"replies":[{"embeddable":true,"href":"https:\/\/kryptyfranciszkanow.umk.pl\/index.php\/wp-json\/wp\/v2\/comments?post=175"}],"version-history":[{"count":1,"href":"https:\/\/kryptyfranciszkanow.umk.pl\/index.php\/wp-json\/wp\/v2\/pages\/175\/revisions"}],"predecessor-version":[{"id":177,"href":"https:\/\/kryptyfranciszkanow.umk.pl\/index.php\/wp-json\/wp\/v2\/pages\/175\/revisions\/177"}],"up":[{"embeddable":true,"href":"https:\/\/kryptyfranciszkanow.umk.pl\/index.php\/wp-json\/wp\/v2\/pages\/85"}],"wp:featuredmedia":[{"embeddable":true,"href":"https:\/\/kryptyfranciszkanow.umk.pl\/index.php\/wp-json\/wp\/v2\/media\/174"}],"wp:attachment":[{"href":"https:\/\/kryptyfranciszkanow.umk.pl\/index.php\/wp-json\/wp\/v2\/media?parent=175"}],"curies":[{"name":"wp","href":"https:\/\/api.w.org\/{rel}","templated":true}]}}