{"id":18,"date":"2020-05-14T17:14:52","date_gmt":"2020-05-14T15:14:52","guid":{"rendered":"http:\/\/kryptyfranciszkanow.umk.pl\/?page_id=18"},"modified":"2020-06-16T14:52:40","modified_gmt":"2020-06-16T12:52:40","slug":"zespol-badawczy","status":"publish","type":"page","link":"https:\/\/kryptyfranciszkanow.umk.pl\/index.php\/zespol-badawczy\/","title":{"rendered":"Zesp\u00f3\u0142 badawczy"},"content":{"rendered":"<p style=\"text-align: justify;\"><strong>KIEROWNIK PROJEKTU:<\/strong> <i>prof. dr hab. Anna Dr\u0105\u017ckowska<span class=\"Apple-converted-space\">\u00a0<\/span><\/i><\/p>\n<p style=\"text-align: justify;\"><strong>ZESP\u00d3\u0141 DO BADA\u0143 ARCHEOLOGICZNYCH:<\/strong><\/p>\n<p style=\"text-align: justify;\">Kierownik bada\u0144: <i>prof. dr hab. Anna Dr\u0105\u017ckowska<\/i> \u2013<span class=\"Apple-converted-space\">\u00a0<\/span>Katedra Archeologii P\u00f3\u017anego \u015aredniowiecza i Nowo\u017cytno\u015bci, Instytut Archeologii, Wydzia\u0142 Nauk Historycznych Uniwersytet Miko\u0142aja Kopernika w Toruniu<span class=\"Apple-converted-space\">\u00a0<\/span><\/p>\n<ul style=\"text-align: justify;\">\n<li><i>Monika \u0141yczak<\/i> \u2013 Firma Archeologiczna FRAMEA Krak\u00f3w<\/li>\n<li><i>Marcin Nowak<\/i> \u2013 doktorant Instytut Archeologii, Uniwersytet Miko\u0142aja Kopernika w Toruniu<\/li>\n<li><i>Micha\u0142 Mleczko\u00a0\u2013 <\/i>technik renowacji element\u00f3w architektury<\/li>\n<\/ul>\n<p style=\"text-align: justify;\"><strong>ZESP\u00d3\u0141 DO BADA\u0143 GEOFIZYCZNYCH:<span class=\"Apple-converted-space\">\u00a0<\/span><\/strong><\/p>\n<ul style=\"text-align: justify;\">\n<li><i>prof. dr hab. Fabian Welc<\/i> \u2013 Katedra Zarz\u0105dzania Dziedzictwem Kulturowym, Archeologii Krajobrazu i Archeologii Niedestrukcyjnej, Instytut Archeologii Uniwersytetu Kardyna\u0142a Stefana Wyszy\u0144skiego w Warszawie<\/li>\n<li><i>Jacek Adamiec \u2013\u00a0<\/i>Firma GPR24.COM.PL<\/li>\n<li><i>Micha\u0142 D\u0105browski <\/i>\u2013 geofizyk, TMT Projekt Sp<i>.<\/i>z.o.o.<\/li>\n<\/ul>\n<p style=\"text-align: justify;\"><strong>ZESP\u00d3\u0141 DO BADA\u0143 ARCHITEKTONICZNYCH:<\/strong><\/p>\n<ul style=\"text-align: justify;\">\n<li><i>Halina Rojkowska-Tasak<\/i> \u2013 Zarz\u0105d Budynk\u00f3w Komunalnych w Krakowie<\/li>\n<li><i>Stanis\u0142aw Cechosz<\/i> \u2013 Pracownia Cepla i Partnerzy Konserwacja Zabytk\u00f3w<\/li>\n<li><i>\u0141ukasz Holcer<\/i> \u2013 Pracownia Cepla i Partnerzy Konserwacja Zabytk\u00f3w<\/li>\n<\/ul>\n<p style=\"text-align: justify;\"><strong>ZESP\u00d3\u0141 DO BADA\u0143 ANTROPOLOGICZNYCH:<\/strong><\/p>\n<ul style=\"text-align: justify;\">\n<li><i>dr hab. Henryk G\u0142\u0105b<\/i> \u2013 Zak\u0142ad Antropologii <a href=\"http:\/\/www.izibb.binoz.uj.edu.pl\/start\" target=\"_blank\" rel=\"noopener noreferrer\">Instytut Zoologii i Bada\u0144 Biomedycznych<\/a> <a href=\"http:\/\/www.uj.edu.pl\">Uniwersytetu Jagiello\u0144skiego<\/a> w Krakowie<\/li>\n<li><i>prof. dr hab. Barbara Kwiatkowska<\/i> \u2013 Katedra Antropologii Uniwersytet Przyrodniczego we Wroc\u0142awiu<\/li>\n<li><i>prof. dr hab. Tomasz Grzybowski<\/i> \u2013 Katedra Medycyny S\u0105dowej Collegium Medicum im. Ludwika Rydygiera w Bydgoszczy Uniwersytet Miko\u0142aja Kopernika w Toruniu<\/li>\n<li>dr Marta Gorzkiewicz \u2013 Katedra Medycyny S\u0105dowej Collegium Medicum im. Ludwika Rydygiera w Bydgoszczy Uniwersytet Miko\u0142aja Kopernika w Toruniu<\/li>\n<li><i>dr Marta Kurek<\/i> \u2013 Katedra Antropologii, Wydzia\u0142 Biologii i Ochrony \u015arodowiska Uniwersytetu \u0141\u00f3dzkiego<\/li>\n<li><i>Anna Spinek<\/i> \u2013 Zak\u0142ad Antropologii, Instytut Immunologii i Terapii Do\u015bwiadczalnej, Polska Akademia Nauk Wroc\u0142aw<span class=\"Apple-converted-space\">\u00a0<\/span><\/li>\n<\/ul>\n<p style=\"text-align: justify;\"><strong>ZESP\u00d3\u0141 DO OBRAZOWYCH METOD POMIARU I INWENTARYZACJI KRYPT:<\/strong><\/p>\n<ul style=\"text-align: justify;\">\n<li><i>dr in\u017c. Antoni Rzonca<\/i> \u2013 <a href=\"https:\/\/skos.agh.edu.pl\/jednostka\/akademia-gorniczo-hutnicza-im-stanislawa-staszica-w-krakowie\/wydzial-geodezji-gorniczej-i-inzynierii-srodowiska\/katedra-geoinformacji-fotogrametrii-i-teledetekcji-srodowiska-227.html\" target=\"_blank\" rel=\"noopener noreferrer\">Katedra Geoinformacji, Fotogrametrii i Teledetekcji \u015arodowiska<\/a> Akademii G\u00f3rniczo-Hutniczej im Stanis\u0142awa Staszica w Krakowie<\/li>\n<li><i>Maciej Berna\u015b, <\/i>absolwent Akademii G\u00f3rniczo-Hutniczej im Stanis\u0142awa Staszica w Krakowie<\/li>\n<li><i>Jakub Cury\u0142o \u2013<\/i>Firma CYBID<\/li>\n<\/ul>\n<p style=\"text-align: justify;\"><strong>BADANIA ARCHIWALNE:<\/strong><\/p>\n<ul style=\"text-align: justify;\">\n<li><i>Franciszek Solarz, <\/i>OFMConv<\/li>\n<\/ul>\n<p style=\"text-align: justify;\"><strong>ZESP\u00d3\u0141 DO BADA\u0143 MIKROBIOLOGICZNYCH:<\/strong><\/p>\n<ul style=\"text-align: justify;\">\n<li><a href=\"https:\/\/www.bio.umk.pl\/zaklad-mikrobiologii-srodowiskowej-i-biotechnologii\/pracownicy\/maciej-walczak\/\" target=\"_blank\" rel=\"noopener noreferrer\">prof. dr hab. Maciej Walczak<\/a> \u2013 Katedra Mikrobiologii \u015arodowiskowej i Biotechnologii, Uniwersytet Miko\u0142aja Kopernika w Toruniu<\/li>\n<li><a href=\"https:\/\/www.bio.umk.pl\/zaklad-mikrobiologii\/pracownicy\/m_swiontek-brzezinska\/\" target=\"_blank\" rel=\"noopener noreferrer\">dr hab. Maria Swiontek Brzezinska, prof. UMK<\/a> \u2013 Katedra Mikrobiologii \u015arodowiskowej i Biotechnologii, Uniwersytet Miko\u0142aja Kopernika w Toruniu<\/li>\n<li><a href=\"https:\/\/www.bio.umk.pl\/zaklad-mikrobiologii-srodowiskowej-i-biotechnologii\/pracownicy\/a-burkowska-but\/\" target=\"_blank\" rel=\"noopener noreferrer\">dr hab. Aleksandra Burkowska-But, prof. UMK<\/a> \u2013 Katedra Mikrobiologii \u015arodowiskowej i Biotechnologii, Uniwersytet Miko\u0142aja Kopernika w Toruniu<\/li>\n<li>Dr hab. Joanna Karbowska \u2013Berent \u2013Zak\u0142ad Konserwacji Papieru i Sk\u00f3ry, Wydzia\u0142 Sztuk Pi\u0119knych, Uniwersytet Miko\u0142aja Kopernika w Toruniu<\/li>\n<li>mgr Joanna Jarmi\u0142ko \u2013 Zak\u0142ad Konserwacji Papieru i Sk\u00f3ry, Wydzia\u0142 Sztuk Pi\u0119knych, Uniwersytet Miko\u0142aja Kopernika w Toruniu<\/li>\n<\/ul>\n<p style=\"text-align: justify;\"><strong>ZESP\u00d3\u0141 DO BADA\u0143 TKANIN I UBIOR\u00d3W:<\/strong><\/p>\n<ul style=\"text-align: justify;\">\n<li><i>prof. dr hab. Anna Dr\u0105\u017ckowska \u2013<\/i> Katedra Archeologii P\u00f3\u017anego \u015aredniowiecza i Nowo\u017cytno\u015bci, Instytut Archeologii, Uniwersytet Miko\u0142aja Kopernika w Toruniu<span class=\"Apple-converted-space\">\u00a0<\/span><\/li>\n<li><i>dr Maria Cybulska \u2013\u00a0<\/i>Instytut Architektury Tekstyli\u00f3w, Politechnika \u0141\u00f3dzka<\/li>\n<li><i>dr hab. <\/i>dr hab. Magdalena \u015aliwka-Kaszy\u0144ska \u2013 Katedra Chemii Organicznej, Wydzia\u0142 Chemii, Politechnika Gda\u0144ska<\/li>\n<\/ul>\n<p style=\"text-align: justify;\"><strong>ZESP\u00d3\u0141 DO BADA\u0143 ARCHEOBOTANICZNYCH:<\/strong><\/p>\n<ul>\n<li style=\"text-align: justify;\"><i>Katarzyna Pi\u0144ska\u2013Cerealia \u2013\u00a0<\/i>Archeobotanical service<\/li>\n<li style=\"text-align: justify;\">Agnieszka M. Nory\u015bkiewicz <i>\u2013<\/i>\u00a0Instytut Archeologii, Wydzia\u0142 Nauk Historycznych, Uniwersytet Miko\u0142aja Kopernika w Toruniu<\/li>\n<li style=\"text-align: justify;\">dr hab. Monika Badura, prof. UG \u2013 Katedra Ekologii Ro\u015blin, Wydzia\u0142 Biologii, Uniwersytet Gda\u0144ski<\/li>\n<\/ul>\n","protected":false},"excerpt":{"rendered":"<p>KIEROWNIK PROJEKTU: prof. dr hab. Anna Dr\u0105\u017ckowska\u00a0 ZESP\u00d3\u0141 DO BADA\u0143 ARCHEOLOGICZNYCH: Kierownik bada\u0144: prof. dr hab. Anna Dr\u0105\u017ckowska \u2013\u00a0Katedra Archeologii P\u00f3\u017anego \u015aredniowiecza i Nowo\u017cytno\u015bci, Instytut Archeologii, Wydzia\u0142 Nauk Historycznych Uniwersytet Miko\u0142aja Kopernika w Toruniu\u00a0 Monika \u0141yczak \u2013 Firma Archeologiczna FRAMEA Krak\u00f3w Marcin Nowak \u2013 doktorant Instytut Archeologii, Uniwersytet Miko\u0142aja Kopernika &hellip;<\/p>\n","protected":false},"author":1,"featured_media":43,"parent":0,"menu_order":0,"comment_status":"closed","ping_status":"closed","template":"","meta":{"footnotes":""},"class_list":["post-18","page","type-page","status-publish","has-post-thumbnail","hentry"],"_links":{"self":[{"href":"https:\/\/kryptyfranciszkanow.umk.pl\/index.php\/wp-json\/wp\/v2\/pages\/18","targetHints":{"allow":["GET"]}}],"collection":[{"href":"https:\/\/kryptyfranciszkanow.umk.pl\/index.php\/wp-json\/wp\/v2\/pages"}],"about":[{"href":"https:\/\/kryptyfranciszkanow.umk.pl\/index.php\/wp-json\/wp\/v2\/types\/page"}],"author":[{"embeddable":true,"href":"https:\/\/kryptyfranciszkanow.umk.pl\/index.php\/wp-json\/wp\/v2\/users\/1"}],"replies":[{"embeddable":true,"href":"https:\/\/kryptyfranciszkanow.umk.pl\/index.php\/wp-json\/wp\/v2\/comments?post=18"}],"version-history":[{"count":4,"href":"https:\/\/kryptyfranciszkanow.umk.pl\/index.php\/wp-json\/wp\/v2\/pages\/18\/revisions"}],"predecessor-version":[{"id":282,"href":"https:\/\/kryptyfranciszkanow.umk.pl\/index.php\/wp-json\/wp\/v2\/pages\/18\/revisions\/282"}],"wp:featuredmedia":[{"embeddable":true,"href":"https:\/\/kryptyfranciszkanow.umk.pl\/index.php\/wp-json\/wp\/v2\/media\/43"}],"wp:attachment":[{"href":"https:\/\/kryptyfranciszkanow.umk.pl\/index.php\/wp-json\/wp\/v2\/media?parent=18"}],"curies":[{"name":"wp","href":"https:\/\/api.w.org\/{rel}","templated":true}]}}