{"id":189,"date":"2020-05-18T17:00:44","date_gmt":"2020-05-18T15:00:44","guid":{"rendered":"http:\/\/kryptyfranciszkanow.umk.pl\/?page_id=189"},"modified":"2020-05-18T17:00:44","modified_gmt":"2020-05-18T15:00:44","slug":"krypta-k1","status":"publish","type":"page","link":"https:\/\/kryptyfranciszkanow.umk.pl\/index.php\/kruzganki\/krypta-k1\/","title":{"rendered":"Krypta K1"},"content":{"rendered":"<p style=\"text-align: justify;\">Krypta zlokalizowana jest w cz\u0119\u015bci po\u0142udniowej ramienia wschodniego kru\u017cganka klasztornego. Ma kszta\u0142t nieregularnego prostok\u0105ta zbli\u017conego proporcjami do kwadratu o wymiarach oko\u0142o 330 x 355 \u2013370 cm. Jej \u015bciany wzniesiono z ceg\u0142y palcowanej. Przy \u015bcianie p\u00f3\u0142nocnej znajduj\u0105 si\u0119 schody z w\u0105skimi, wysokimi stopniami. Krypta ma sklepienie kolebkowe. Wej\u015bcie do krypty zamyka p\u0142yta kamienna widoczna w posadzce. Przy schodach zgromadzono liczne lu\u017ane ko\u015bci ludzkie, pochodz\u0105ce najprawdopodobniej z porz\u0105dkowania innych krypt lub terenu wok\u00f3\u0142 ko\u015bcio\u0142a, wsypane bezpo\u015brednio przez otw\u00f3r w posadzce kru\u017cganka. Na podstawie pomiar\u00f3w cegie\u0142 ustalono, i\u017c krypta powsta\u0142a w 2. po\u0142owie XVII lub w\u00a0 na pocz\u0105tku XVIII wieku, natomiast schody dodano pod koniec XIX lub na pocz\u0105tku XX wieku.<\/p>\n<p>&nbsp;<\/p>\n<div class=\"rl-gallery-container rl-loading\" id=\"rl-gallery-container-1\" data-gallery_id=\"190\"> <div class=\"rl-gallery rl-basicgrid-gallery \" id=\"rl-gallery-1\" data-gallery_no=\"1\"> <div class=\"rl-gallery-item\"><a href=\"https:\/\/kryptyfranciszkanow.umk.pl\/wp-content\/uploads\/2020\/05\/2.-1.jpg\" title=\"\" data-rl_title=\"\" class=\"rl-gallery-link\" data-rl_caption=\"\" data-rel=\"lightbox-gallery-1\"><img loading=\"lazy\" decoding=\"async\" src=\"https:\/\/kryptyfranciszkanow.umk.pl\/wp-content\/uploads\/2020\/05\/2.-1-287x300.jpg\" width=\"287\" height=\"300\" alt=\"\" \/><\/a><\/div><div class=\"rl-gallery-item\"><a href=\"https:\/\/kryptyfranciszkanow.umk.pl\/wp-content\/uploads\/2020\/05\/3.-scaled.jpg\" title=\"\" data-rl_title=\"\" class=\"rl-gallery-link\" data-rl_caption=\"\" data-rel=\"lightbox-gallery-1\"><img loading=\"lazy\" decoding=\"async\" src=\"https:\/\/kryptyfranciszkanow.umk.pl\/wp-content\/uploads\/2020\/05\/3.-300x124.jpg\" width=\"300\" height=\"124\" alt=\"\" \/><\/a><\/div><div class=\"rl-gallery-item\"><a href=\"https:\/\/kryptyfranciszkanow.umk.pl\/wp-content\/uploads\/2020\/05\/4-6.jpg\" title=\"\" data-rl_title=\"\" class=\"rl-gallery-link\" data-rl_caption=\"\" data-rel=\"lightbox-gallery-1\"><img loading=\"lazy\" decoding=\"async\" src=\"https:\/\/kryptyfranciszkanow.umk.pl\/wp-content\/uploads\/2020\/05\/4-6-300x300.jpg\" width=\"300\" height=\"300\" alt=\"\" \/><\/a><\/div><div class=\"rl-gallery-item\"><a href=\"https:\/\/kryptyfranciszkanow.umk.pl\/wp-content\/uploads\/2020\/05\/5-6-scaled.jpg\" title=\"\" data-rl_title=\"\" class=\"rl-gallery-link\" data-rl_caption=\"\" data-rel=\"lightbox-gallery-1\"><img loading=\"lazy\" decoding=\"async\" src=\"https:\/\/kryptyfranciszkanow.umk.pl\/wp-content\/uploads\/2020\/05\/5-6-300x200.jpg\" width=\"300\" height=\"200\" alt=\"\" \/><\/a><\/div><div class=\"rl-gallery-item\"><a href=\"https:\/\/kryptyfranciszkanow.umk.pl\/wp-content\/uploads\/2020\/05\/6-5-scaled.jpg\" title=\"\" data-rl_title=\"\" class=\"rl-gallery-link\" data-rl_caption=\"\" data-rel=\"lightbox-gallery-1\"><img loading=\"lazy\" decoding=\"async\" src=\"https:\/\/kryptyfranciszkanow.umk.pl\/wp-content\/uploads\/2020\/05\/6-5-300x200.jpg\" width=\"300\" height=\"200\" alt=\"\" \/><\/a><\/div><div class=\"rl-gallery-item\"><a href=\"https:\/\/kryptyfranciszkanow.umk.pl\/wp-content\/uploads\/2020\/05\/7.-Krypta-1-kru\u017cganki-scaled.jpg\" title=\"\" data-rl_title=\"\" class=\"rl-gallery-link\" data-rl_caption=\"\" data-rel=\"lightbox-gallery-1\"><img loading=\"lazy\" decoding=\"async\" src=\"https:\/\/kryptyfranciszkanow.umk.pl\/wp-content\/uploads\/2020\/05\/7.-Krypta-1-kru\u017cganki-300x262.jpg\" width=\"300\" height=\"262\" alt=\"\" \/><\/a><\/div> <\/div> <\/div>\n","protected":false},"excerpt":{"rendered":"<p>Krypta zlokalizowana jest w cz\u0119\u015bci po\u0142udniowej ramienia wschodniego kru\u017cganka klasztornego. Ma kszta\u0142t nieregularnego prostok\u0105ta zbli\u017conego proporcjami do kwadratu o wymiarach oko\u0142o 330 x 355 \u2013370 cm. Jej \u015bciany wzniesiono z ceg\u0142y palcowanej. Przy \u015bcianie p\u00f3\u0142nocnej znajduj\u0105 si\u0119 schody z w\u0105skimi, wysokimi stopniami. Krypta ma sklepienie kolebkowe. Wej\u015bcie do krypty zamyka &hellip;<\/p>\n","protected":false},"author":1,"featured_media":195,"parent":88,"menu_order":1,"comment_status":"closed","ping_status":"closed","template":"","meta":{"footnotes":""},"class_list":["post-189","page","type-page","status-publish","has-post-thumbnail","hentry"],"_links":{"self":[{"href":"https:\/\/kryptyfranciszkanow.umk.pl\/index.php\/wp-json\/wp\/v2\/pages\/189","targetHints":{"allow":["GET"]}}],"collection":[{"href":"https:\/\/kryptyfranciszkanow.umk.pl\/index.php\/wp-json\/wp\/v2\/pages"}],"about":[{"href":"https:\/\/kryptyfranciszkanow.umk.pl\/index.php\/wp-json\/wp\/v2\/types\/page"}],"author":[{"embeddable":true,"href":"https:\/\/kryptyfranciszkanow.umk.pl\/index.php\/wp-json\/wp\/v2\/users\/1"}],"replies":[{"embeddable":true,"href":"https:\/\/kryptyfranciszkanow.umk.pl\/index.php\/wp-json\/wp\/v2\/comments?post=189"}],"version-history":[{"count":1,"href":"https:\/\/kryptyfranciszkanow.umk.pl\/index.php\/wp-json\/wp\/v2\/pages\/189\/revisions"}],"predecessor-version":[{"id":197,"href":"https:\/\/kryptyfranciszkanow.umk.pl\/index.php\/wp-json\/wp\/v2\/pages\/189\/revisions\/197"}],"up":[{"embeddable":true,"href":"https:\/\/kryptyfranciszkanow.umk.pl\/index.php\/wp-json\/wp\/v2\/pages\/88"}],"wp:featuredmedia":[{"embeddable":true,"href":"https:\/\/kryptyfranciszkanow.umk.pl\/index.php\/wp-json\/wp\/v2\/media\/195"}],"wp:attachment":[{"href":"https:\/\/kryptyfranciszkanow.umk.pl\/index.php\/wp-json\/wp\/v2\/media?parent=189"}],"curies":[{"name":"wp","href":"https:\/\/api.w.org\/{rel}","templated":true}]}}