{"id":203,"date":"2020-05-18T17:03:15","date_gmt":"2020-05-18T15:03:15","guid":{"rendered":"http:\/\/kryptyfranciszkanow.umk.pl\/?page_id=203"},"modified":"2020-05-18T17:03:55","modified_gmt":"2020-05-18T15:03:55","slug":"krypta-k2","status":"publish","type":"page","link":"https:\/\/kryptyfranciszkanow.umk.pl\/index.php\/kruzganki\/krypta-k2\/","title":{"rendered":"Krypta K2"},"content":{"rendered":"<p style=\"text-align: justify;\">Krypta zlokalizowana w cz\u0119\u015bci po\u0142udniowej ramienia wschodniego kru\u017cganka klasztornego \u2013 na styku z ramieniem po\u0142udniowym. Za\u0142o\u017cona zosta\u0142a na rzucie prostok\u0105ta o wymiarach 540 x 250 cm, ustawionego na osi wsch\u00f3d\u2013zach\u00f3d. Ceglane \u015bciany wzd\u0142u\u017cne krypty s\u0105 dostawione do kamienno-ceglanego muru wschodniego. Zej\u015bcie do komory \u2013 w postaci stromych schod\u00f3w zawartych w ca\u0142o\u015bci w grubo\u015bci muru. Dno krypty oryginalnie pozostawa\u0142o nieutwardzone. W krypcie zinwentaryzowano 10 poch\u00f3wk\u00f3w w tym dwojga dzieci. Trumny zosta\u0142y najprawdopodobniej przemieszczone z innych lokalizacji, gdy\u017c by\u0142y mocno uszkodzone, naruszone, cz\u0119sto z domieszk\u0105 szcz\u0105tk\u00f3w pochodz\u0105cych z innych grob\u00f3w. Na trzech trumnach odnotowano daty 1704 (poch\u00f3wek 9), 1707 (poch\u00f3wek 5) i zachowan\u0105 we fragmencie 177? (poch\u00f3wek 3). Rozpoznanie architektoniczne wykaza\u0142o, \u017ce krypt\u0119 wzniesiono w XVIII wieku.<\/p>\n<p>&nbsp;<\/p>\n<div class=\"rl-gallery-container rl-loading\" id=\"rl-gallery-container-1\" data-gallery_id=\"199\"> <div class=\"rl-gallery rl-basicgrid-gallery \" id=\"rl-gallery-1\" data-gallery_no=\"1\"> <div class=\"rl-gallery-item\"><a href=\"https:\/\/kryptyfranciszkanow.umk.pl\/wp-content\/uploads\/2020\/05\/2-9.jpg\" title=\"\" data-rl_title=\"\" class=\"rl-gallery-link\" data-rl_caption=\"\" data-rel=\"lightbox-gallery-1\"><img loading=\"lazy\" decoding=\"async\" src=\"https:\/\/kryptyfranciszkanow.umk.pl\/wp-content\/uploads\/2020\/05\/2-9-300x207.jpg\" width=\"300\" height=\"207\" alt=\"\" \/><\/a><\/div><div class=\"rl-gallery-item\"><a href=\"https:\/\/kryptyfranciszkanow.umk.pl\/wp-content\/uploads\/2020\/05\/3-9.jpg\" title=\"\" data-rl_title=\"\" class=\"rl-gallery-link\" data-rl_caption=\"\" data-rel=\"lightbox-gallery-1\"><img loading=\"lazy\" decoding=\"async\" src=\"https:\/\/kryptyfranciszkanow.umk.pl\/wp-content\/uploads\/2020\/05\/3-9-300x228.jpg\" width=\"300\" height=\"228\" alt=\"\" \/><\/a><\/div><div class=\"rl-gallery-item\"><a href=\"https:\/\/kryptyfranciszkanow.umk.pl\/wp-content\/uploads\/2020\/05\/4-7-scaled.jpg\" title=\"\" data-rl_title=\"\" class=\"rl-gallery-link\" data-rl_caption=\"\" data-rel=\"lightbox-gallery-1\"><img loading=\"lazy\" decoding=\"async\" src=\"https:\/\/kryptyfranciszkanow.umk.pl\/wp-content\/uploads\/2020\/05\/4-7-300x225.jpg\" width=\"300\" height=\"225\" alt=\"\" \/><\/a><\/div><div class=\"rl-gallery-item\"><a href=\"https:\/\/kryptyfranciszkanow.umk.pl\/wp-content\/uploads\/2020\/05\/5-7-scaled.jpg\" title=\"\" data-rl_title=\"\" class=\"rl-gallery-link\" data-rl_caption=\"\" data-rel=\"lightbox-gallery-1\"><img loading=\"lazy\" decoding=\"async\" src=\"https:\/\/kryptyfranciszkanow.umk.pl\/wp-content\/uploads\/2020\/05\/5-7-300x173.jpg\" width=\"300\" height=\"173\" alt=\"\" \/><\/a><\/div><div class=\"rl-gallery-item\"><a href=\"https:\/\/kryptyfranciszkanow.umk.pl\/wp-content\/uploads\/2020\/05\/6-6-scaled.jpg\" title=\"\" data-rl_title=\"\" class=\"rl-gallery-link\" data-rl_caption=\"\" data-rel=\"lightbox-gallery-1\"><img loading=\"lazy\" decoding=\"async\" src=\"https:\/\/kryptyfranciszkanow.umk.pl\/wp-content\/uploads\/2020\/05\/6-6-300x204.jpg\" width=\"300\" height=\"204\" alt=\"\" \/><\/a><\/div> <\/div> <\/div>\n","protected":false},"excerpt":{"rendered":"<p>Krypta zlokalizowana w cz\u0119\u015bci po\u0142udniowej ramienia wschodniego kru\u017cganka klasztornego \u2013 na styku z ramieniem po\u0142udniowym. Za\u0142o\u017cona zosta\u0142a na rzucie prostok\u0105ta o wymiarach 540 x 250 cm, ustawionego na osi wsch\u00f3d\u2013zach\u00f3d. Ceglane \u015bciany wzd\u0142u\u017cne krypty s\u0105 dostawione do kamienno-ceglanego muru wschodniego. Zej\u015bcie do komory \u2013 w postaci stromych schod\u00f3w zawartych w &hellip;<\/p>\n","protected":false},"author":1,"featured_media":205,"parent":88,"menu_order":2,"comment_status":"closed","ping_status":"closed","template":"","meta":{"footnotes":""},"class_list":["post-203","page","type-page","status-publish","has-post-thumbnail","hentry"],"_links":{"self":[{"href":"https:\/\/kryptyfranciszkanow.umk.pl\/index.php\/wp-json\/wp\/v2\/pages\/203","targetHints":{"allow":["GET"]}}],"collection":[{"href":"https:\/\/kryptyfranciszkanow.umk.pl\/index.php\/wp-json\/wp\/v2\/pages"}],"about":[{"href":"https:\/\/kryptyfranciszkanow.umk.pl\/index.php\/wp-json\/wp\/v2\/types\/page"}],"author":[{"embeddable":true,"href":"https:\/\/kryptyfranciszkanow.umk.pl\/index.php\/wp-json\/wp\/v2\/users\/1"}],"replies":[{"embeddable":true,"href":"https:\/\/kryptyfranciszkanow.umk.pl\/index.php\/wp-json\/wp\/v2\/comments?post=203"}],"version-history":[{"count":1,"href":"https:\/\/kryptyfranciszkanow.umk.pl\/index.php\/wp-json\/wp\/v2\/pages\/203\/revisions"}],"predecessor-version":[{"id":206,"href":"https:\/\/kryptyfranciszkanow.umk.pl\/index.php\/wp-json\/wp\/v2\/pages\/203\/revisions\/206"}],"up":[{"embeddable":true,"href":"https:\/\/kryptyfranciszkanow.umk.pl\/index.php\/wp-json\/wp\/v2\/pages\/88"}],"wp:featuredmedia":[{"embeddable":true,"href":"https:\/\/kryptyfranciszkanow.umk.pl\/index.php\/wp-json\/wp\/v2\/media\/205"}],"wp:attachment":[{"href":"https:\/\/kryptyfranciszkanow.umk.pl\/index.php\/wp-json\/wp\/v2\/media?parent=203"}],"curies":[{"name":"wp","href":"https:\/\/api.w.org\/{rel}","templated":true}]}}