{"id":27,"date":"2020-05-14T17:16:36","date_gmt":"2020-05-14T15:16:36","guid":{"rendered":"http:\/\/kryptyfranciszkanow.umk.pl\/?page_id=27"},"modified":"2020-05-21T16:55:00","modified_gmt":"2020-05-21T14:55:00","slug":"zabytki","status":"publish","type":"page","link":"https:\/\/kryptyfranciszkanow.umk.pl\/index.php\/zabytki\/","title":{"rendered":"Zabytki"},"content":{"rendered":"<p style=\"text-align: justify;\"><div class=\"rl-gallery-container rl-loading\" id=\"rl-gallery-container-1\" data-gallery_id=\"241\"> <div class=\"rl-gallery rl-basicgrid-gallery \" id=\"rl-gallery-1\" data-gallery_no=\"1\"> <div class=\"rl-gallery-item\"><a href=\"https:\/\/kryptyfranciszkanow.umk.pl\/wp-content\/uploads\/2020\/05\/153-scaled.jpg\" title=\"\" data-rl_title=\"\" class=\"rl-gallery-link\" data-rl_caption=\"\" data-rel=\"lightbox-gallery-1\"><img loading=\"lazy\" decoding=\"async\" src=\"https:\/\/kryptyfranciszkanow.umk.pl\/wp-content\/uploads\/2020\/05\/153-255x300.jpg\" width=\"255\" height=\"300\" alt=\"\" \/><\/a><\/div><div class=\"rl-gallery-item\"><a href=\"https:\/\/kryptyfranciszkanow.umk.pl\/wp-content\/uploads\/2020\/05\/det_baz_02_t_11_d-scaled.jpg\" title=\"\" data-rl_title=\"\" class=\"rl-gallery-link\" data-rl_caption=\"\" data-rel=\"lightbox-gallery-1\"><img loading=\"lazy\" decoding=\"async\" src=\"https:\/\/kryptyfranciszkanow.umk.pl\/wp-content\/uploads\/2020\/05\/det_baz_02_t_11_d-182x300.jpg\" width=\"182\" height=\"300\" alt=\"\" \/><\/a><\/div><div class=\"rl-gallery-item\"><a href=\"https:\/\/kryptyfranciszkanow.umk.pl\/wp-content\/uploads\/2020\/05\/det_baz_02_t_12_f-scaled.jpg\" title=\"\" data-rl_title=\"\" class=\"rl-gallery-link\" data-rl_caption=\"\" data-rel=\"lightbox-gallery-1\"><img loading=\"lazy\" decoding=\"async\" src=\"https:\/\/kryptyfranciszkanow.umk.pl\/wp-content\/uploads\/2020\/05\/det_baz_02_t_12_f-200x300.jpg\" width=\"200\" height=\"300\" alt=\"\" \/><\/a><\/div><div class=\"rl-gallery-item\"><a href=\"https:\/\/kryptyfranciszkanow.umk.pl\/wp-content\/uploads\/2020\/05\/det_baz_09_t_01_d-scaled.jpg\" title=\"\" data-rl_title=\"\" class=\"rl-gallery-link\" data-rl_caption=\"\" data-rel=\"lightbox-gallery-1\"><img loading=\"lazy\" decoding=\"async\" src=\"https:\/\/kryptyfranciszkanow.umk.pl\/wp-content\/uploads\/2020\/05\/det_baz_09_t_01_d-225x300.jpg\" width=\"225\" height=\"300\" alt=\"\" \/><\/a><\/div><div class=\"rl-gallery-item\"><a href=\"https:\/\/kryptyfranciszkanow.umk.pl\/wp-content\/uploads\/2020\/05\/kr\u00f3tki-\u017cupan-po-konserwacji-poch\u00f3wek-4-scaled.jpg\" title=\"\" data-rl_title=\"\" class=\"rl-gallery-link\" data-rl_caption=\"\" data-rel=\"lightbox-gallery-1\"><img loading=\"lazy\" decoding=\"async\" src=\"https:\/\/kryptyfranciszkanow.umk.pl\/wp-content\/uploads\/2020\/05\/kr\u00f3tki-\u017cupan-po-konserwacji-poch\u00f3wek-4-289x300.jpg\" width=\"289\" height=\"300\" alt=\"\" \/><\/a><\/div><div class=\"rl-gallery-item\"><a href=\"https:\/\/kryptyfranciszkanow.umk.pl\/wp-content\/uploads\/2020\/05\/Krucyfiks-drewaniany-I-po-konserwacji-poch\u00f3wek-nr-19-krypta-5-bazylika-scaled.jpg\" title=\"\" data-rl_title=\"\" class=\"rl-gallery-link\" data-rl_caption=\"\" data-rel=\"lightbox-gallery-1\"><img loading=\"lazy\" decoding=\"async\" src=\"https:\/\/kryptyfranciszkanow.umk.pl\/wp-content\/uploads\/2020\/05\/Krucyfiks-drewaniany-I-po-konserwacji-poch\u00f3wek-nr-19-krypta-5-bazylika-177x300.jpg\" width=\"177\" height=\"300\" alt=\"\" \/><\/a><\/div><div class=\"rl-gallery-item\"><a href=\"https:\/\/kryptyfranciszkanow.umk.pl\/wp-content\/uploads\/2020\/05\/Krzy\u017c-w-typie-karawaki-po-konserwacji-poch\u00f3wek-nr-4-krypta-6-bazylika.jpg\" title=\"\" data-rl_title=\"\" class=\"rl-gallery-link\" data-rl_caption=\"\" data-rel=\"lightbox-gallery-1\"><img loading=\"lazy\" decoding=\"async\" src=\"https:\/\/kryptyfranciszkanow.umk.pl\/wp-content\/uploads\/2020\/05\/Krzy\u017c-w-typie-karawaki-po-konserwacji-poch\u00f3wek-nr-4-krypta-6-bazylika-250x300.jpg\" width=\"250\" height=\"300\" alt=\"\" \/><\/a><\/div><div class=\"rl-gallery-item\"><a href=\"https:\/\/kryptyfranciszkanow.umk.pl\/wp-content\/uploads\/2020\/05\/Medalik-po-konserwacji-krypta-2-kru\u017cganki.jpg\" title=\"\" data-rl_title=\"\" class=\"rl-gallery-link\" data-rl_caption=\"\" data-rel=\"lightbox-gallery-1\"><img loading=\"lazy\" decoding=\"async\" src=\"https:\/\/kryptyfranciszkanow.umk.pl\/wp-content\/uploads\/2020\/05\/Medalik-po-konserwacji-krypta-2-kru\u017cganki-236x300.jpg\" width=\"236\" height=\"300\" alt=\"\" \/><\/a><\/div><div class=\"rl-gallery-item\"><a href=\"https:\/\/kryptyfranciszkanow.umk.pl\/wp-content\/uploads\/2020\/05\/Pasyjka-metalowa-po-konserwacji-poch\u00f3wek-nr-5-krypta-2-kru\u017cganki-scaled.jpg\" title=\"\" data-rl_title=\"\" class=\"rl-gallery-link\" data-rl_caption=\"\" data-rel=\"lightbox-gallery-1\"><img loading=\"lazy\" decoding=\"async\" src=\"https:\/\/kryptyfranciszkanow.umk.pl\/wp-content\/uploads\/2020\/05\/Pasyjka-metalowa-po-konserwacji-poch\u00f3wek-nr-5-krypta-2-kru\u017cganki-168x300.jpg\" width=\"168\" height=\"300\" alt=\"\" \/><\/a><\/div><div class=\"rl-gallery-item\"><a href=\"https:\/\/kryptyfranciszkanow.umk.pl\/wp-content\/uploads\/2020\/05\/P\u0142atek-szkaplerza-po-konserwacji-krypta-1-kru\u017cganki.jpg\" title=\"\" data-rl_title=\"\" class=\"rl-gallery-link\" data-rl_caption=\"\" data-rel=\"lightbox-gallery-1\"><img loading=\"lazy\" decoding=\"async\" src=\"https:\/\/kryptyfranciszkanow.umk.pl\/wp-content\/uploads\/2020\/05\/P\u0142atek-szkaplerza-po-konserwacji-krypta-1-kru\u017cganki-280x300.jpg\" width=\"280\" height=\"300\" alt=\"\" \/><\/a><\/div><div class=\"rl-gallery-item\"><a href=\"https:\/\/kryptyfranciszkanow.umk.pl\/wp-content\/uploads\/2020\/05\/poch\u00f3wek-14.jpg\" title=\"\" data-rl_title=\"\" class=\"rl-gallery-link\" data-rl_caption=\"\" data-rel=\"lightbox-gallery-1\"><img loading=\"lazy\" decoding=\"async\" src=\"https:\/\/kryptyfranciszkanow.umk.pl\/wp-content\/uploads\/2020\/05\/poch\u00f3wek-14-300x207.jpg\" width=\"300\" height=\"207\" alt=\"\" \/><\/a><\/div><div class=\"rl-gallery-item\"><a href=\"https:\/\/kryptyfranciszkanow.umk.pl\/wp-content\/uploads\/2020\/05\/poch\u00f3wek-nr-9.jpg\" title=\"\" data-rl_title=\"\" class=\"rl-gallery-link\" data-rl_caption=\"\" data-rel=\"lightbox-gallery-1\"><img loading=\"lazy\" decoding=\"async\" src=\"https:\/\/kryptyfranciszkanow.umk.pl\/wp-content\/uploads\/2020\/05\/poch\u00f3wek-nr-9-189x300.jpg\" width=\"189\" height=\"300\" alt=\"\" \/><\/a><\/div><div class=\"rl-gallery-item\"><a href=\"https:\/\/kryptyfranciszkanow.umk.pl\/wp-content\/uploads\/2020\/05\/relikwiarz-pod-poch\u00f3wkiem-nr-12-scaled.jpg\" title=\"\" data-rl_title=\"\" class=\"rl-gallery-link\" data-rl_caption=\"\" data-rel=\"lightbox-gallery-1\"><img loading=\"lazy\" decoding=\"async\" src=\"https:\/\/kryptyfranciszkanow.umk.pl\/wp-content\/uploads\/2020\/05\/relikwiarz-pod-poch\u00f3wkiem-nr-12-300x227.jpg\" width=\"300\" height=\"227\" alt=\"\" \/><\/a><\/div><div class=\"rl-gallery-item\"><a href=\"https:\/\/kryptyfranciszkanow.umk.pl\/wp-content\/uploads\/2020\/05\/R\u00f3\u017caniec-drewniany-po-konserwacji-poch\u00f3wek-nr-1-krypta-7-bazylika-scaled.jpg\" title=\"\" data-rl_title=\"\" class=\"rl-gallery-link\" data-rl_caption=\"\" data-rel=\"lightbox-gallery-1\"><img loading=\"lazy\" decoding=\"async\" src=\"https:\/\/kryptyfranciszkanow.umk.pl\/wp-content\/uploads\/2020\/05\/R\u00f3\u017caniec-drewniany-po-konserwacji-poch\u00f3wek-nr-1-krypta-7-bazylika-300x204.jpg\" width=\"300\" height=\"204\" alt=\"\" \/><\/a><\/div><div class=\"rl-gallery-item\"><a href=\"https:\/\/kryptyfranciszkanow.umk.pl\/wp-content\/uploads\/2020\/05\/R\u00f3\u017caniec-poch\u00f3wek-nr-1-scaled.jpg\" title=\"\" data-rl_title=\"\" class=\"rl-gallery-link\" data-rl_caption=\"\" data-rel=\"lightbox-gallery-1\"><img loading=\"lazy\" decoding=\"async\" src=\"https:\/\/kryptyfranciszkanow.umk.pl\/wp-content\/uploads\/2020\/05\/R\u00f3\u017caniec-poch\u00f3wek-nr-1-236x300.jpg\" width=\"236\" height=\"300\" alt=\"\" \/><\/a><\/div><div class=\"rl-gallery-item\"><a href=\"https:\/\/kryptyfranciszkanow.umk.pl\/wp-content\/uploads\/2020\/05\/R\u00f3\u017caniec-szklany-po-konserwacji-poch\u00f3wek-nr-4-krypta6-bazylika.jpg\" title=\"\" data-rl_title=\"\" class=\"rl-gallery-link\" data-rl_caption=\"\" data-rel=\"lightbox-gallery-1\"><img loading=\"lazy\" decoding=\"async\" src=\"https:\/\/kryptyfranciszkanow.umk.pl\/wp-content\/uploads\/2020\/05\/R\u00f3\u017caniec-szklany-po-konserwacji-poch\u00f3wek-nr-4-krypta6-bazylika-213x300.jpg\" width=\"213\" height=\"300\" alt=\"\" \/><\/a><\/div><div class=\"rl-gallery-item\"><a href=\"https:\/\/kryptyfranciszkanow.umk.pl\/wp-content\/uploads\/2020\/05\/Szkaplerz-in-situ-poch\u00f3wek-nr-1-krypta-2-bazylika-scaled.jpg\" title=\"\" data-rl_title=\"\" class=\"rl-gallery-link\" data-rl_caption=\"\" data-rel=\"lightbox-gallery-1\"><img loading=\"lazy\" decoding=\"async\" src=\"https:\/\/kryptyfranciszkanow.umk.pl\/wp-content\/uploads\/2020\/05\/Szkaplerz-in-situ-poch\u00f3wek-nr-1-krypta-2-bazylika-239x300.jpg\" width=\"239\" height=\"300\" alt=\"\" \/><\/a><\/div><div class=\"rl-gallery-item\"><a href=\"https:\/\/kryptyfranciszkanow.umk.pl\/wp-content\/uploads\/2020\/05\/Szkaplerz-po-konserwacji-poch\u00f3wek-nr-1-krypta-2-bazylika-scaled.jpg\" title=\"\" data-rl_title=\"\" class=\"rl-gallery-link\" data-rl_caption=\"\" data-rel=\"lightbox-gallery-1\"><img loading=\"lazy\" decoding=\"async\" src=\"https:\/\/kryptyfranciszkanow.umk.pl\/wp-content\/uploads\/2020\/05\/Szkaplerz-po-konserwacji-poch\u00f3wek-nr-1-krypta-2-bazylika-130x300.jpg\" width=\"130\" height=\"300\" alt=\"\" \/><\/a><\/div><div class=\"rl-gallery-item\"><a href=\"https:\/\/kryptyfranciszkanow.umk.pl\/wp-content\/uploads\/2020\/05\/Tablica-2-Krzy\u017ce-drewniane.jpg\" title=\"\" data-rl_title=\"\" class=\"rl-gallery-link\" data-rl_caption=\"\" data-rel=\"lightbox-gallery-1\"><img loading=\"lazy\" decoding=\"async\" src=\"https:\/\/kryptyfranciszkanow.umk.pl\/wp-content\/uploads\/2020\/05\/Tablica-2-Krzy\u017ce-drewniane-212x300.jpg\" width=\"212\" height=\"300\" alt=\"\" \/><\/a><\/div><div class=\"rl-gallery-item\"><a href=\"https:\/\/kryptyfranciszkanow.umk.pl\/wp-content\/uploads\/2020\/05\/Tablica-4-Krzy\u017ce-drewniane-scaled.jpg\" title=\"\" data-rl_title=\"\" class=\"rl-gallery-link\" data-rl_caption=\"\" data-rel=\"lightbox-gallery-1\"><img loading=\"lazy\" decoding=\"async\" src=\"https:\/\/kryptyfranciszkanow.umk.pl\/wp-content\/uploads\/2020\/05\/Tablica-4-Krzy\u017ce-drewniane-213x300.jpg\" width=\"213\" height=\"300\" alt=\"\" \/><\/a><\/div><div class=\"rl-gallery-item\"><a href=\"https:\/\/kryptyfranciszkanow.umk.pl\/wp-content\/uploads\/2020\/05\/z-krypty-K2-scaled.jpg\" title=\"\" data-rl_title=\"\" class=\"rl-gallery-link\" data-rl_caption=\"\" data-rel=\"lightbox-gallery-1\"><img loading=\"lazy\" decoding=\"async\" src=\"https:\/\/kryptyfranciszkanow.umk.pl\/wp-content\/uploads\/2020\/05\/z-krypty-K2-292x300.jpg\" width=\"292\" height=\"300\" alt=\"\" \/><\/a><\/div><div class=\"rl-gallery-item\"><a href=\"https:\/\/kryptyfranciszkanow.umk.pl\/wp-content\/uploads\/2020\/05\/Zako\u0144czenie-r\u00f3\u017ca\u0144ca-po-konserwacji-poch\u00f3wek-7-krypta-8-bazylika-scaled.jpg\" title=\"\" data-rl_title=\"\" class=\"rl-gallery-link\" data-rl_caption=\"\" data-rel=\"lightbox-gallery-1\"><img loading=\"lazy\" decoding=\"async\" src=\"https:\/\/kryptyfranciszkanow.umk.pl\/wp-content\/uploads\/2020\/05\/Zako\u0144czenie-r\u00f3\u017ca\u0144ca-po-konserwacji-poch\u00f3wek-7-krypta-8-bazylika-240x300.jpg\" width=\"240\" height=\"300\" alt=\"\" \/><\/a><\/div><div class=\"rl-gallery-item\"><a href=\"https:\/\/kryptyfranciszkanow.umk.pl\/wp-content\/uploads\/2020\/05\/ze-zniszczonego-poch\u00f3wku-scaled.jpg\" title=\"\" data-rl_title=\"\" class=\"rl-gallery-link\" data-rl_caption=\"\" data-rel=\"lightbox-gallery-1\"><img loading=\"lazy\" decoding=\"async\" src=\"https:\/\/kryptyfranciszkanow.umk.pl\/wp-content\/uploads\/2020\/05\/ze-zniszczonego-poch\u00f3wku-300x232.jpg\" width=\"300\" height=\"232\" alt=\"\" \/><\/a><\/div> <\/div> <\/div><\/p>\n","protected":false},"excerpt":{"rendered":"","protected":false},"author":1,"featured_media":226,"parent":0,"menu_order":1,"comment_status":"closed","ping_status":"closed","template":"","meta":{"footnotes":""},"class_list":["post-27","page","type-page","status-publish","has-post-thumbnail","hentry"],"_links":{"self":[{"href":"https:\/\/kryptyfranciszkanow.umk.pl\/index.php\/wp-json\/wp\/v2\/pages\/27","targetHints":{"allow":["GET"]}}],"collection":[{"href":"https:\/\/kryptyfranciszkanow.umk.pl\/index.php\/wp-json\/wp\/v2\/pages"}],"about":[{"href":"https:\/\/kryptyfranciszkanow.umk.pl\/index.php\/wp-json\/wp\/v2\/types\/page"}],"author":[{"embeddable":true,"href":"https:\/\/kryptyfranciszkanow.umk.pl\/index.php\/wp-json\/wp\/v2\/users\/1"}],"replies":[{"embeddable":true,"href":"https:\/\/kryptyfranciszkanow.umk.pl\/index.php\/wp-json\/wp\/v2\/comments?post=27"}],"version-history":[{"count":2,"href":"https:\/\/kryptyfranciszkanow.umk.pl\/index.php\/wp-json\/wp\/v2\/pages\/27\/revisions"}],"predecessor-version":[{"id":265,"href":"https:\/\/kryptyfranciszkanow.umk.pl\/index.php\/wp-json\/wp\/v2\/pages\/27\/revisions\/265"}],"wp:featuredmedia":[{"embeddable":true,"href":"https:\/\/kryptyfranciszkanow.umk.pl\/index.php\/wp-json\/wp\/v2\/media\/226"}],"wp:attachment":[{"href":"https:\/\/kryptyfranciszkanow.umk.pl\/index.php\/wp-json\/wp\/v2\/media?parent=27"}],"curies":[{"name":"wp","href":"https:\/\/api.w.org\/{rel}","templated":true}]}}