{"id":33,"date":"2020-05-14T17:17:14","date_gmt":"2020-05-14T15:17:14","guid":{"rendered":"http:\/\/kryptyfranciszkanow.umk.pl\/?page_id=33"},"modified":"2023-03-23T12:13:50","modified_gmt":"2023-03-23T11:13:50","slug":"kontakt","status":"publish","type":"page","link":"https:\/\/kryptyfranciszkanow.umk.pl\/index.php\/kontakt\/","title":{"rendered":"Kontakt"},"content":{"rendered":"<p><strong>Kierownik projektu i kierownik bada\u0144 w kryptach<\/strong><\/p>\n<p>prof. dr hab. Anna Dr\u0105\u017ckowska<br \/>\n<a href=\"http:\/\/www.home.umk.pl\/~annadr\" target=\"_blank\" rel=\"noopener noreferrer\">www.annadrazkowska.pl<\/a><br \/>\nInstytut Archeologii<br \/>\nUniwersytet Miko\u0142aja Kopernika w Toruniu<br \/>\ne-mail: <a href=\"mailto:annadr9@wp.pl\">annadr9@wp.pl<\/a><\/p>\n","protected":false},"excerpt":{"rendered":"<p>Kierownik projektu i kierownik bada\u0144 w kryptach prof. dr hab. Anna Dr\u0105\u017ckowska www.annadrazkowska.pl Instytut Archeologii Uniwersytet Miko\u0142aja Kopernika w Toruniu e-mail: annadr9@wp.pl<\/p>\n","protected":false},"author":1,"featured_media":53,"parent":0,"menu_order":0,"comment_status":"closed","ping_status":"closed","template":"","meta":{"footnotes":""},"class_list":["post-33","page","type-page","status-publish","has-post-thumbnail","hentry"],"_links":{"self":[{"href":"https:\/\/kryptyfranciszkanow.umk.pl\/index.php\/wp-json\/wp\/v2\/pages\/33","targetHints":{"allow":["GET"]}}],"collection":[{"href":"https:\/\/kryptyfranciszkanow.umk.pl\/index.php\/wp-json\/wp\/v2\/pages"}],"about":[{"href":"https:\/\/kryptyfranciszkanow.umk.pl\/index.php\/wp-json\/wp\/v2\/types\/page"}],"author":[{"embeddable":true,"href":"https:\/\/kryptyfranciszkanow.umk.pl\/index.php\/wp-json\/wp\/v2\/users\/1"}],"replies":[{"embeddable":true,"href":"https:\/\/kryptyfranciszkanow.umk.pl\/index.php\/wp-json\/wp\/v2\/comments?post=33"}],"version-history":[{"count":8,"href":"https:\/\/kryptyfranciszkanow.umk.pl\/index.php\/wp-json\/wp\/v2\/pages\/33\/revisions"}],"predecessor-version":[{"id":298,"href":"https:\/\/kryptyfranciszkanow.umk.pl\/index.php\/wp-json\/wp\/v2\/pages\/33\/revisions\/298"}],"wp:featuredmedia":[{"embeddable":true,"href":"https:\/\/kryptyfranciszkanow.umk.pl\/index.php\/wp-json\/wp\/v2\/media\/53"}],"wp:attachment":[{"href":"https:\/\/kryptyfranciszkanow.umk.pl\/index.php\/wp-json\/wp\/v2\/media?parent=33"}],"curies":[{"name":"wp","href":"https:\/\/api.w.org\/{rel}","templated":true}]}}